{"id":4306,"date":"2021-01-29T10:30:22","date_gmt":"2021-01-29T10:30:22","guid":{"rendered":"https:\/\/medit-italia.com\/nos-personnes\/"},"modified":"2026-02-26T08:37:30","modified_gmt":"2026-02-26T08:37:30","slug":"nos-personnes","status":"publish","type":"page","link":"https:\/\/medit-italia.com\/fr\/nos-personnes\/","title":{"rendered":"Nos personnes"},"content":{"rendered":"<p>[et_pb_section fb_built=&#8221;1&#8243; module_id=&#8221;PaginaChiSiamo&#8221; _builder_version=&#8221;4.20.4&#8243; _module_preset=&#8221;default&#8221; background_enable_image=&#8221;off&#8221; background_size=&#8221;custom&#8221; background_image_width=&#8221;9%&#8221; background_position=&#8221;center_left&#8221; background_last_edited=&#8221;on|phone&#8221; background_image_width_phone=&#8221;15%&#8221; background_image_height_phone=&#8221;0%&#8221; background_position_phone=&#8221;top_left&#8221; global_colors_info=&#8221;{}&#8221;][et_pb_row use_custom_gutter=&#8221;on&#8221; _builder_version=&#8221;4.16&#8243; _module_preset=&#8221;default&#8221; background_enable_image=&#8221;off&#8221; global_colors_info=&#8221;{}&#8221;][et_pb_column type=&#8221;4_4&#8243; _builder_version=&#8221;4.16&#8243; _module_preset=&#8221;default&#8221; global_colors_info=&#8221;{}&#8221;][et_pb_text _builder_version=&#8221;4.20.4&#8243; _module_preset=&#8221;default&#8221; header_font=&#8221;Playfair Display||||||||&#8221; header_text_color=&#8221;#FE9A34&#8243; text_orientation=&#8221;center&#8221; module_alignment=&#8221;left&#8221; global_colors_info=&#8221;{}&#8221;]<\/p>\n<h1>Medit est<\/h1>\n<p>Une entreprise moderne, une \u00e9quipe de professionnalit\u00e9 dans la conception de nouvelles solutions techniques pour l\u2019architecture et la d\u00e9coration d\u2019int\u00e9rieur, qui a b\u00e2ti sa propre identit\u00e9 \u00e0 partir des racines d\u2019une vaste exp\u00e9rience et de l\u2019offre de services d\u2019excellence.<\/p>\n<p>[\/et_pb_text][\/et_pb_column][\/et_pb_row][et_pb_row column_structure=&#8221;1_4,1_4,1_4,1_4&#8243; module_id=&#8221;medit4&#8243; _builder_version=&#8221;4.16&#8243; _module_preset=&#8221;default&#8221; custom_padding=&#8221;40px||60px||false|false&#8221; global_colors_info=&#8221;{}&#8221;][et_pb_column type=&#8221;1_4&#8243; _builder_version=&#8221;4.16&#8243; _module_preset=&#8221;default&#8221; global_colors_info=&#8221;{}&#8221;][et_pb_blurb title=&#8221;Unit\u00e9 de production&#8221; image=&#8221;https:\/\/medit-italia.com\/wp-content\/uploads\/2019\/10\/icona1.png&#8221; image_icon_width=&#8221;50%&#8221; admin_label=&#8221;Produzione&#8221; module_id=&#8221;Produzione&#8221; _builder_version=&#8221;4.20.4&#8243; _module_preset=&#8221;default&#8221; header_font=&#8221;|600|||||||&#8221; text_orientation=&#8221;center&#8221; image_max_width=&#8221;50%&#8221; global_colors_info=&#8221;{}&#8221;][\/et_pb_blurb][\/et_pb_column][et_pb_column type=&#8221;1_4&#8243; _builder_version=&#8221;4.16&#8243; _module_preset=&#8221;default&#8221; global_colors_info=&#8221;{}&#8221;][et_pb_blurb title=&#8221; Bureau&#8221; image=&#8221;https:\/\/medit-italia.com\/wp-content\/uploads\/2019\/10\/icona2.png&#8221; image_icon_width=&#8221;50%&#8221; admin_label=&#8221;Uffici&#8221; module_id=&#8221;Uffici&#8221; _builder_version=&#8221;4.20.4&#8243; _module_preset=&#8221;default&#8221; header_font=&#8221;|600|||||||&#8221; text_orientation=&#8221;center&#8221; image_max_width=&#8221;50%&#8221; global_colors_info=&#8221;{}&#8221;][\/et_pb_blurb][\/et_pb_column][et_pb_column type=&#8221;1_4&#8243; _builder_version=&#8221;4.16&#8243; _module_preset=&#8221;default&#8221; global_colors_info=&#8221;{}&#8221;][et_pb_blurb title=&#8221;Projet et conception&#8221; image=&#8221;https:\/\/medit-italia.com\/wp-content\/uploads\/2019\/10\/icon3.png&#8221; image_icon_width=&#8221;50%&#8221; admin_label=&#8221;Progettazione e posa&#8221; module_id=&#8221;Progettazione&#8221; _builder_version=&#8221;4.20.4&#8243; _module_preset=&#8221;default&#8221; header_font=&#8221;|600|||||||&#8221; text_orientation=&#8221;center&#8221; image_max_width=&#8221;50%&#8221; global_colors_info=&#8221;{}&#8221;][\/et_pb_blurb][\/et_pb_column][et_pb_column type=&#8221;1_4&#8243; _builder_version=&#8221;4.16&#8243; _module_preset=&#8221;default&#8221; global_colors_info=&#8221;{}&#8221;][et_pb_blurb title=&#8221;Personnes&#8221; image=&#8221;https:\/\/medit-italia.com\/wp-content\/uploads\/2019\/10\/icona4.png&#8221; image_icon_width=&#8221;50%&#8221; admin_label=&#8221;Persone&#8221; module_id=&#8221;Persone&#8221; _builder_version=&#8221;4.20.4&#8243; _module_preset=&#8221;default&#8221; header_font=&#8221;|600|||||||&#8221; text_orientation=&#8221;center&#8221; link_option_url=&#8221;#PersoneMedit&#8221; image_max_width=&#8221;50%&#8221; global_colors_info=&#8221;{}&#8221;][\/et_pb_blurb][\/et_pb_column][\/et_pb_row][\/et_pb_section][et_pb_section fb_built=&#8221;1&#8243; admin_label=&#8221;Sezione team&#8221; _builder_version=&#8221;4.20.4&#8243; _module_preset=&#8221;default&#8221; custom_margin=&#8221;0px||0px||true|false&#8221; custom_padding=&#8221;0px||0px||true|false&#8221; global_colors_info=&#8221;{}&#8221;][et_pb_row _builder_version=&#8221;4.20.4&#8243; _module_preset=&#8221;default&#8221; width=&#8221;100%&#8221; max_width=&#8221;1600px&#8221; custom_margin=&#8221;0px||0px||true|false&#8221; custom_padding=&#8221;0px||0px||true|false&#8221; global_colors_info=&#8221;{}&#8221;][et_pb_column type=&#8221;4_4&#8243; _builder_version=&#8221;4.20.4&#8243; _module_preset=&#8221;default&#8221; global_colors_info=&#8221;{}&#8221;][et_pb_image src=&#8221;https:\/\/medit-italia.com\/wp-content\/uploads\/2023\/09\/00-Laila_fr5_team-2023-copy.jpg&#8221; title_text=&#8221;00-Laila_fr5_team-2023 copy&#8221; admin_label=&#8221;laila&#8221; _builder_version=&#8221;4.22.2&#8243; _module_preset=&#8221;6e3f624f-a3fc-41e4-a2bb-178cc13c45b6&#8243; global_colors_info=&#8221;{}&#8221;][\/et_pb_image][et_pb_image src=&#8221;https:\/\/medit-italia.com\/wp-content\/uploads\/2023\/04\/01-fr_Raffaele_2023.jpg&#8221; title_text=&#8221;01-fr_Raffaele_2023&#8243; disabled_on=&#8221;on|on|on&#8221; admin_label=&#8221;Raffaele Varano&#8221; _builder_version=&#8221;4.20.4&#8243; _module_preset=&#8221;6e3f624f-a3fc-41e4-a2bb-178cc13c45b6&#8243; disabled=&#8221;on&#8221; global_colors_info=&#8221;{}&#8221;][\/et_pb_image][et_pb_image src=&#8221;https:\/\/medit-italia.com\/wp-content\/uploads\/2023\/05\/05-Ernesto_fr_team-2023.jpg&#8221; title_text=&#8221;05-Ernesto_fr_team 2023&#8243; admin_label=&#8221;ernesto&#8221; _builder_version=&#8221;4.21.0&#8243; _module_preset=&#8221;6e3f624f-a3fc-41e4-a2bb-178cc13c45b6&#8243; global_colors_info=&#8221;{}&#8221;][\/et_pb_image][et_pb_image src=&#8221;https:\/\/medit-italia.com\/wp-content\/uploads\/2023\/04\/02-fr_Marco-e-alessandra_2023.jpg&#8221; title_text=&#8221;02-fr_Marco e alessandra_2023&#8243; admin_label=&#8221;Marco e Alessandra&#8221; _builder_version=&#8221;4.20.4&#8243; _module_preset=&#8221;6e3f624f-a3fc-41e4-a2bb-178cc13c45b6&#8243; global_colors_info=&#8221;{}&#8221;][\/et_pb_image][et_pb_image src=&#8221;https:\/\/medit-italia.com\/wp-content\/uploads\/2023\/04\/03-fr_Danilo-e-Cassandra_2023.jpg&#8221; title_text=&#8221;03-fr_Danilo e Cassandra_2023&#8243; admin_label=&#8221;Danilo e Cassandra&#8221; _builder_version=&#8221;4.20.4&#8243; _module_preset=&#8221;6e3f624f-a3fc-41e4-a2bb-178cc13c45b6&#8243; global_colors_info=&#8221;{}&#8221;][\/et_pb_image][et_pb_image src=&#8221;https:\/\/medit-italia.com\/wp-content\/uploads\/2023\/08\/2customFr_team-2023.jpg&#8221; title_text=&#8221;2customFr_team 2023&#8243; admin_label=&#8221;Federica e Laura&#8221; _builder_version=&#8221;4.22.1&#8243; _module_preset=&#8221;6e3f624f-a3fc-41e4-a2bb-178cc13c45b6&#8243; global_colors_info=&#8221;{}&#8221;][\/et_pb_image][et_pb_image src=&#8221;https:\/\/medit-italia.com\/wp-content\/uploads\/2023\/05\/02-Valentina_new2_fr_team-2023.jpg&#8221; title_text=&#8221;02-Valentina_new2_fr_team 2023&#8243; disabled_on=&#8221;on|on|on&#8221; admin_label=&#8221;Valentina&#8221; _builder_version=&#8221;4.21.0&#8243; _module_preset=&#8221;6e3f624f-a3fc-41e4-a2bb-178cc13c45b6&#8243; disabled=&#8221;on&#8221; global_colors_info=&#8221;{}&#8221;][\/et_pb_image][et_pb_image src=&#8221;https:\/\/medit-italia.com\/wp-content\/uploads\/2023\/04\/06-fr_amministrazione_2023.jpg&#8221; title_text=&#8221;06-fr_amministrazione_2023&#8243; admin_label=&#8221;Pierangela, Silvana, Rossella e Anna&#8221; _builder_version=&#8221;4.20.4&#8243; _module_preset=&#8221;6e3f624f-a3fc-41e4-a2bb-178cc13c45b6&#8243; global_colors_info=&#8221;{}&#8221;][\/et_pb_image][et_pb_image src=&#8221;https:\/\/medit-italia.com\/wp-content\/uploads\/2023\/04\/07-fr_Roberto_2023.jpg&#8221; title_text=&#8221;07-fr_Roberto_2023&#8243; admin_label=&#8221;Robeerto&#8221; _builder_version=&#8221;4.20.4&#8243; _module_preset=&#8221;6e3f624f-a3fc-41e4-a2bb-178cc13c45b6&#8243; global_colors_info=&#8221;{}&#8221;][\/et_pb_image][et_pb_image src=&#8221;https:\/\/medit-italia.com\/wp-content\/uploads\/2024\/07\/Diego-fra.jpg&#8221; title_text=&#8221;Diego fra&#8221; admin_label=&#8221;Lara e diego&#8221; _builder_version=&#8221;4.27.0&#8243; _module_preset=&#8221;6e3f624f-a3fc-41e4-a2bb-178cc13c45b6&#8243; global_colors_info=&#8221;{}&#8221;][\/et_pb_image][et_pb_image src=&#8221;https:\/\/medit-italia.com\/wp-content\/uploads\/2023\/09\/Luca-2.jpg&#8221; title_text=&#8221;Luca&#8221; admin_label=&#8221;Luca&#8221; _builder_version=&#8221;4.22.2&#8243; _module_preset=&#8221;6e3f624f-a3fc-41e4-a2bb-178cc13c45b6&#8243; global_colors_info=&#8221;{}&#8221;][\/et_pb_image][et_pb_image src=&#8221;https:\/\/medit-italia.com\/wp-content\/uploads\/2023\/04\/17-fr_andrea_2023.jpg&#8221; title_text=&#8221;17-fr_andrea_2023&#8243; admin_label=&#8221;Andrea&#8221; _builder_version=&#8221;4.20.4&#8243; _module_preset=&#8221;6e3f624f-a3fc-41e4-a2bb-178cc13c45b6&#8243; global_colors_info=&#8221;{}&#8221; disabled_on=&#8221;on|on|on&#8221; disabled=&#8221;on&#8221;][\/et_pb_image][et_pb_image src=&#8221;https:\/\/medit-italia.com\/wp-content\/uploads\/2023\/04\/10-fr_pamela-e-sabrina_2023.jpg&#8221; title_text=&#8221;10-fr_pamela e sabrina_2023&#8243; admin_label=&#8221;Pamela e Samrbina&#8221; _builder_version=&#8221;4.20.4&#8243; _module_preset=&#8221;6e3f624f-a3fc-41e4-a2bb-178cc13c45b6&#8243; global_colors_info=&#8221;{}&#8221;][\/et_pb_image][et_pb_image src=&#8221;https:\/\/medit-italia.com\/wp-content\/uploads\/2023\/04\/11-fr_massimo-andrea-e-cosimo_2023.jpg&#8221; title_text=&#8221;11-fr_massimo andrea e cosimo_2023&#8243; admin_label=&#8221;business unit tecnico&#8221; _builder_version=&#8221;4.20.4&#8243; _module_preset=&#8221;6e3f624f-a3fc-41e4-a2bb-178cc13c45b6&#8243; global_colors_info=&#8221;{}&#8221;][\/et_pb_image][et_pb_image src=&#8221;https:\/\/medit-italia.com\/wp-content\/uploads\/2023\/04\/12-fr_max-e-francesca_2023.jpg&#8221; title_text=&#8221;12-fr_max e francesca_2023&#8243; admin_label=&#8221;Max e Francesca&#8221; _builder_version=&#8221;4.20.4&#8243; _module_preset=&#8221;6e3f624f-a3fc-41e4-a2bb-178cc13c45b6&#8243; global_colors_info=&#8221;{}&#8221;][\/et_pb_image][et_pb_image src=&#8221;https:\/\/medit-italia.com\/wp-content\/uploads\/2023\/04\/13-fr_sales-office-rome_2023.jpg&#8221; title_text=&#8221;13-fr_sales office rome_2023&#8243; admin_label=&#8221;Ufficio tecnico roma&#8221; _builder_version=&#8221;4.20.4&#8243; _module_preset=&#8221;6e3f624f-a3fc-41e4-a2bb-178cc13c45b6&#8243; global_colors_info=&#8221;{}&#8221;][\/et_pb_image][et_pb_image src=&#8221;https:\/\/medit-italia.com\/wp-content\/uploads\/2023\/04\/14-fr_produzione_2023.jpg&#8221; title_text=&#8221;14-fr_produzione_2023&#8243; admin_label=&#8221;Produzione accessoria&#8221; _builder_version=&#8221;4.20.4&#8243; _module_preset=&#8221;6e3f624f-a3fc-41e4-a2bb-178cc13c45b6&#8243; global_colors_info=&#8221;{}&#8221;][\/et_pb_image][et_pb_image src=&#8221;https:\/\/medit-italia.com\/wp-content\/uploads\/2023\/05\/03-Antonella_new_fr_team-2023.jpg&#8221; title_text=&#8221;03-Antonella_new_fr_team 2023&#8243; admin_label=&#8221;antonella&#8221; _builder_version=&#8221;4.21.0&#8243; _module_preset=&#8221;6e3f624f-a3fc-41e4-a2bb-178cc13c45b6&#8243; global_colors_info=&#8221;{}&#8221;][\/et_pb_image][et_pb_image src=&#8221;https:\/\/medit-italia.com\/wp-content\/uploads\/2023\/04\/16-fr_elisabetta_2023.jpg&#8221; title_text=&#8221;16-fr_elisabetta_2023&#8243; admin_label=&#8221;Elisabetta Valentina&#8221; _builder_version=&#8221;4.20.4&#8243; _module_preset=&#8221;6e3f624f-a3fc-41e4-a2bb-178cc13c45b6&#8243; global_colors_info=&#8221;{}&#8221;][\/et_pb_image][et_pb_image src=&#8221;https:\/\/medit-italia.com\/wp-content\/uploads\/2025\/09\/04-Adriano-e-ALessandro_fr_team-2023.jpg&#8221; title_text=&#8221;04-Adriano-e-ALessandro_fr_team-2023&#8243; admin_label=&#8221;Adriano e Alesandro&#8221; _builder_version=&#8221;4.27.4&#8243; _module_preset=&#8221;6e3f624f-a3fc-41e4-a2bb-178cc13c45b6&#8243; global_colors_info=&#8221;{}&#8221;][\/et_pb_image][et_pb_image src=&#8221;https:\/\/medit-italia.com\/wp-content\/uploads\/2023\/05\/06-Federico_fr_team-2023.jpg&#8221; title_text=&#8221;06-Federico_fr_team 2023&#8243; admin_label=&#8221;Federico&#8221; _builder_version=&#8221;4.21.0&#8243; _module_preset=&#8221;6e3f624f-a3fc-41e4-a2bb-178cc13c45b6&#8243; global_colors_info=&#8221;{}&#8221;][\/et_pb_image][et_pb_image src=&#8221;https:\/\/medit-italia.com\/wp-content\/uploads\/2023\/05\/07-Filippo_fr_team-2023.jpg&#8221; title_text=&#8221;07-Filippo_fr_team 2023&#8243; admin_label=&#8221;Filippo&#8221; _builder_version=&#8221;4.21.0&#8243; _module_preset=&#8221;6e3f624f-a3fc-41e4-a2bb-178cc13c45b6&#8243; global_colors_info=&#8221;{}&#8221;][\/et_pb_image][et_pb_image src=&#8221;https:\/\/medit-italia.com\/wp-content\/uploads\/2023\/05\/08-Nicolo_fr_team-2023.jpg&#8221; title_text=&#8221;08-Nicolo\u0300_fr_team 2023&#8243; admin_label=&#8221;nicol\u00f2&#8221; _builder_version=&#8221;4.21.0&#8243; _module_preset=&#8221;6e3f624f-a3fc-41e4-a2bb-178cc13c45b6&#8243; global_colors_info=&#8221;{}&#8221;][\/et_pb_image][et_pb_image src=&#8221;https:\/\/medit-italia.com\/wp-content\/uploads\/2023\/05\/09-Riccardo_fra_team-2023.jpg&#8221; title_text=&#8221;09-Riccardo_fra_team 2023&#8243; admin_label=&#8221;Riccardo&#8221; _builder_version=&#8221;4.21.0&#8243; _module_preset=&#8221;6e3f624f-a3fc-41e4-a2bb-178cc13c45b6&#8243; global_colors_info=&#8221;{}&#8221;][\/et_pb_image][et_pb_image src=&#8221;https:\/\/medit-italia.com\/wp-content\/uploads\/2023\/05\/10-Roberto_fr_team-2023.jpg&#8221; title_text=&#8221;10-Roberto_fr_team 2023&#8243; admin_label=&#8221;Roberto&#8221; _builder_version=&#8221;4.21.0&#8243; _module_preset=&#8221;6e3f624f-a3fc-41e4-a2bb-178cc13c45b6&#8243; global_colors_info=&#8221;{}&#8221;][\/et_pb_image][\/et_pb_column][\/et_pb_row][\/et_pb_section]<\/p>\n","protected":false},"excerpt":{"rendered":"<p>Medit est Une entreprise moderne, une \u00e9quipe de professionnalit\u00e9 dans la conception de nouvelles solutions techniques pour l\u2019architecture et la d\u00e9coration d\u2019int\u00e9rieur, qui a b\u00e2ti sa propre identit\u00e9 \u00e0 partir des racines d\u2019une vaste exp\u00e9rience et de l\u2019offre de services d\u2019excellence.<\/p>\n","protected":false},"author":2,"featured_media":0,"parent":0,"menu_order":10,"comment_status":"closed","ping_status":"closed","template":"","meta":{"_acf_changed":false,"_et_pb_use_builder":"on","_et_pb_old_content":"","_et_gb_content_width":"","footnotes":""},"class_list":["post-4306","page","type-page","status-publish","hentry"],"acf":[],"yoast_head":"<!-- This site is optimized with the Yoast SEO plugin v27.4 - https:\/\/yoast.com\/product\/yoast-seo-wordpress\/ -->\n<title>Medit \u00e8 unit\u00e0 produttiva, headquarter, progettazione e posa e persone<\/title>\n<meta name=\"description\" content=\"Medit \u00e8 un\u2019azienda moderna, un team di professionalit\u00e0 nella progettazione di nuove soluzioni tecniche per l\u2019architettura e la decorazione d\u2019interni.\" \/>\n<meta name=\"robots\" content=\"index, follow, max-snippet:-1, max-image-preview:large, max-video-preview:-1\" \/>\n<link rel=\"canonical\" href=\"https:\/\/medit-italia.com\/fr\/nos-personnes\/\" \/>\n<meta property=\"og:locale\" content=\"fr_FR\" \/>\n<meta property=\"og:type\" content=\"article\" \/>\n<meta property=\"og:title\" content=\"Medit \u00e8 unit\u00e0 produttiva, headquarter, progettazione e posa e persone\" \/>\n<meta property=\"og:description\" content=\"Medit \u00e8 un\u2019azienda moderna, un team di professionalit\u00e0 nella progettazione di nuove soluzioni tecniche per l\u2019architettura e la decorazione d\u2019interni.\" \/>\n<meta property=\"og:url\" content=\"https:\/\/medit-italia.com\/fr\/nos-personnes\/\" \/>\n<meta property=\"og:site_name\" content=\"Medit\" \/>\n<meta property=\"article:publisher\" content=\"https:\/\/www.facebook.com\/medititalia.srl\/\" \/>\n<meta property=\"article:modified_time\" content=\"2026-02-26T08:37:30+00:00\" \/>\n<meta property=\"og:image\" content=\"https:\/\/medit-italia.com\/wp-content\/uploads\/2019\/10\/test.jpg\" \/>\n\t<meta property=\"og:image:width\" content=\"800\" \/>\n\t<meta property=\"og:image:height\" content=\"533\" \/>\n\t<meta property=\"og:image:type\" content=\"image\/jpeg\" \/>\n<meta name=\"twitter:card\" content=\"summary_large_image\" \/>\n<meta name=\"twitter:label1\" content=\"Dur\u00e9e de lecture estim\u00e9e\" \/>\n\t<meta name=\"twitter:data1\" content=\"6 minutes\" \/>\n<script type=\"application\/ld+json\" class=\"yoast-schema-graph\">{\"@context\":\"https:\\\/\\\/schema.org\",\"@graph\":[{\"@type\":\"WebPage\",\"@id\":\"https:\\\/\\\/medit-italia.com\\\/fr\\\/nos-personnes\\\/\",\"url\":\"https:\\\/\\\/medit-italia.com\\\/fr\\\/nos-personnes\\\/\",\"name\":\"Medit \u00e8 unit\u00e0 produttiva, headquarter, progettazione e posa e persone\",\"isPartOf\":{\"@id\":\"https:\\\/\\\/medit-italia.com\\\/fr\\\/#website\"},\"datePublished\":\"2021-01-29T10:30:22+00:00\",\"dateModified\":\"2026-02-26T08:37:30+00:00\",\"description\":\"Medit \u00e8 un\u2019azienda moderna, un team di professionalit\u00e0 nella progettazione di nuove soluzioni tecniche per l\u2019architettura e la decorazione d\u2019interni.\",\"breadcrumb\":{\"@id\":\"https:\\\/\\\/medit-italia.com\\\/fr\\\/nos-personnes\\\/#breadcrumb\"},\"inLanguage\":\"fr-FR\",\"potentialAction\":[{\"@type\":\"ReadAction\",\"target\":[\"https:\\\/\\\/medit-italia.com\\\/fr\\\/nos-personnes\\\/\"]}]},{\"@type\":\"BreadcrumbList\",\"@id\":\"https:\\\/\\\/medit-italia.com\\\/fr\\\/nos-personnes\\\/#breadcrumb\",\"itemListElement\":[{\"@type\":\"ListItem\",\"position\":1,\"name\":\"Home\",\"item\":\"https:\\\/\\\/medit-italia.com\\\/fr\\\/\"},{\"@type\":\"ListItem\",\"position\":2,\"name\":\"Nos personnes\"}]},{\"@type\":\"WebSite\",\"@id\":\"https:\\\/\\\/medit-italia.com\\\/fr\\\/#website\",\"url\":\"https:\\\/\\\/medit-italia.com\\\/fr\\\/\",\"name\":\"Medit\",\"description\":\"Tende a rullo\",\"publisher\":{\"@id\":\"https:\\\/\\\/medit-italia.com\\\/fr\\\/#organization\"},\"potentialAction\":[{\"@type\":\"SearchAction\",\"target\":{\"@type\":\"EntryPoint\",\"urlTemplate\":\"https:\\\/\\\/medit-italia.com\\\/fr\\\/?s={search_term_string}\"},\"query-input\":{\"@type\":\"PropertyValueSpecification\",\"valueRequired\":true,\"valueName\":\"search_term_string\"}}],\"inLanguage\":\"fr-FR\"},{\"@type\":\"Organization\",\"@id\":\"https:\\\/\\\/medit-italia.com\\\/fr\\\/#organization\",\"name\":\"Medit\",\"url\":\"https:\\\/\\\/medit-italia.com\\\/fr\\\/\",\"logo\":{\"@type\":\"ImageObject\",\"inLanguage\":\"fr-FR\",\"@id\":\"https:\\\/\\\/medit-italia.com\\\/fr\\\/#\\\/schema\\\/logo\\\/image\\\/\",\"url\":\"https:\\\/\\\/medit-italia.com\\\/wp-content\\\/uploads\\\/2019\\\/09\\\/logo-medit-grigio.svg\",\"contentUrl\":\"https:\\\/\\\/medit-italia.com\\\/wp-content\\\/uploads\\\/2019\\\/09\\\/logo-medit-grigio.svg\",\"width\":568,\"height\":180,\"caption\":\"Medit\"},\"image\":{\"@id\":\"https:\\\/\\\/medit-italia.com\\\/fr\\\/#\\\/schema\\\/logo\\\/image\\\/\"},\"sameAs\":[\"https:\\\/\\\/www.facebook.com\\\/medititalia.srl\\\/\",\"https:\\\/\\\/www.instagram.com\\\/medit.srl\\\/\",\"https:\\\/\\\/www.linkedin.com\\\/company\\\/medit-srl\\\/\",\"https:\\\/\\\/www.youtube.com\\\/channel\\\/UCjIZFDEY5PvORKffAYY0u6w\"]}]}<\/script>\n<!-- \/ Yoast SEO plugin. -->","yoast_head_json":{"title":"Medit \u00e8 unit\u00e0 produttiva, headquarter, progettazione e posa e persone","description":"Medit \u00e8 un\u2019azienda moderna, un team di professionalit\u00e0 nella progettazione di nuove soluzioni tecniche per l\u2019architettura e la decorazione d\u2019interni.","robots":{"index":"index","follow":"follow","max-snippet":"max-snippet:-1","max-image-preview":"max-image-preview:large","max-video-preview":"max-video-preview:-1"},"canonical":"https:\/\/medit-italia.com\/fr\/nos-personnes\/","og_locale":"fr_FR","og_type":"article","og_title":"Medit \u00e8 unit\u00e0 produttiva, headquarter, progettazione e posa e persone","og_description":"Medit \u00e8 un\u2019azienda moderna, un team di professionalit\u00e0 nella progettazione di nuove soluzioni tecniche per l\u2019architettura e la decorazione d\u2019interni.","og_url":"https:\/\/medit-italia.com\/fr\/nos-personnes\/","og_site_name":"Medit","article_publisher":"https:\/\/www.facebook.com\/medititalia.srl\/","article_modified_time":"2026-02-26T08:37:30+00:00","og_image":[{"width":800,"height":533,"url":"https:\/\/medit-italia.com\/wp-content\/uploads\/2019\/10\/test.jpg","type":"image\/jpeg"}],"twitter_card":"summary_large_image","twitter_misc":{"Dur\u00e9e de lecture estim\u00e9e":"6 minutes"},"schema":{"@context":"https:\/\/schema.org","@graph":[{"@type":"WebPage","@id":"https:\/\/medit-italia.com\/fr\/nos-personnes\/","url":"https:\/\/medit-italia.com\/fr\/nos-personnes\/","name":"Medit \u00e8 unit\u00e0 produttiva, headquarter, progettazione e posa e persone","isPartOf":{"@id":"https:\/\/medit-italia.com\/fr\/#website"},"datePublished":"2021-01-29T10:30:22+00:00","dateModified":"2026-02-26T08:37:30+00:00","description":"Medit \u00e8 un\u2019azienda moderna, un team di professionalit\u00e0 nella progettazione di nuove soluzioni tecniche per l\u2019architettura e la decorazione d\u2019interni.","breadcrumb":{"@id":"https:\/\/medit-italia.com\/fr\/nos-personnes\/#breadcrumb"},"inLanguage":"fr-FR","potentialAction":[{"@type":"ReadAction","target":["https:\/\/medit-italia.com\/fr\/nos-personnes\/"]}]},{"@type":"BreadcrumbList","@id":"https:\/\/medit-italia.com\/fr\/nos-personnes\/#breadcrumb","itemListElement":[{"@type":"ListItem","position":1,"name":"Home","item":"https:\/\/medit-italia.com\/fr\/"},{"@type":"ListItem","position":2,"name":"Nos personnes"}]},{"@type":"WebSite","@id":"https:\/\/medit-italia.com\/fr\/#website","url":"https:\/\/medit-italia.com\/fr\/","name":"Medit","description":"Tende a rullo","publisher":{"@id":"https:\/\/medit-italia.com\/fr\/#organization"},"potentialAction":[{"@type":"SearchAction","target":{"@type":"EntryPoint","urlTemplate":"https:\/\/medit-italia.com\/fr\/?s={search_term_string}"},"query-input":{"@type":"PropertyValueSpecification","valueRequired":true,"valueName":"search_term_string"}}],"inLanguage":"fr-FR"},{"@type":"Organization","@id":"https:\/\/medit-italia.com\/fr\/#organization","name":"Medit","url":"https:\/\/medit-italia.com\/fr\/","logo":{"@type":"ImageObject","inLanguage":"fr-FR","@id":"https:\/\/medit-italia.com\/fr\/#\/schema\/logo\/image\/","url":"https:\/\/medit-italia.com\/wp-content\/uploads\/2019\/09\/logo-medit-grigio.svg","contentUrl":"https:\/\/medit-italia.com\/wp-content\/uploads\/2019\/09\/logo-medit-grigio.svg","width":568,"height":180,"caption":"Medit"},"image":{"@id":"https:\/\/medit-italia.com\/fr\/#\/schema\/logo\/image\/"},"sameAs":["https:\/\/www.facebook.com\/medititalia.srl\/","https:\/\/www.instagram.com\/medit.srl\/","https:\/\/www.linkedin.com\/company\/medit-srl\/","https:\/\/www.youtube.com\/channel\/UCjIZFDEY5PvORKffAYY0u6w"]}]}},"_links":{"self":[{"href":"https:\/\/medit-italia.com\/fr\/wp-json\/wp\/v2\/pages\/4306","targetHints":{"allow":["GET"]}}],"collection":[{"href":"https:\/\/medit-italia.com\/fr\/wp-json\/wp\/v2\/pages"}],"about":[{"href":"https:\/\/medit-italia.com\/fr\/wp-json\/wp\/v2\/types\/page"}],"author":[{"embeddable":true,"href":"https:\/\/medit-italia.com\/fr\/wp-json\/wp\/v2\/users\/2"}],"replies":[{"embeddable":true,"href":"https:\/\/medit-italia.com\/fr\/wp-json\/wp\/v2\/comments?post=4306"}],"version-history":[{"count":55,"href":"https:\/\/medit-italia.com\/fr\/wp-json\/wp\/v2\/pages\/4306\/revisions"}],"predecessor-version":[{"id":10453,"href":"https:\/\/medit-italia.com\/fr\/wp-json\/wp\/v2\/pages\/4306\/revisions\/10453"}],"wp:attachment":[{"href":"https:\/\/medit-italia.com\/fr\/wp-json\/wp\/v2\/media?parent=4306"}],"curies":[{"name":"wp","href":"https:\/\/api.w.org\/{rel}","templated":true}]}}