{"id":4362,"date":"2021-01-29T11:25:12","date_gmt":"2021-01-29T11:25:12","guid":{"rendered":"https:\/\/medit-italia.com\/progetti\/"},"modified":"2023-04-21T09:11:06","modified_gmt":"2023-04-21T09:11:06","slug":"progetti","status":"publish","type":"page","link":"https:\/\/medit-italia.com\/fr\/progetti\/","title":{"rendered":"Progetti"},"content":{"rendered":"<p>[et_pb_section fb_built=&#8221;1&#8243; module_class=&#8221;sezioneProgetti&#8221; _builder_version=&#8221;4.20.4&#8243; locked=&#8221;off&#8221; global_colors_info=&#8221;{}&#8221;][et_pb_row use_custom_gutter=&#8221;on&#8221; _builder_version=&#8221;4.16&#8243; _module_preset=&#8221;default&#8221; max_width=&#8221;1024px&#8221; custom_margin=&#8221;||30px||false|false&#8221; custom_padding=&#8221;0px||0px||false|false&#8221; global_colors_info=&#8221;{}&#8221;][et_pb_column type=&#8221;4_4&#8243; _builder_version=&#8221;4.16&#8243; _module_preset=&#8221;default&#8221; global_colors_info=&#8221;{}&#8221;][et_pb_text admin_label=&#8221;I nostri progetti&#8221; _builder_version=&#8221;4.20.4&#8243; _module_preset=&#8221;default&#8221; header_font=&#8221;Playfair Display||||||||&#8221; header_text_color=&#8221;#FE9A34&#8243; global_colors_info=&#8221;{}&#8221;]<\/p>\n<h1>Solutions et pas seulement projets<\/h1>\n<p>Medit offre syst\u00e8mes et tissus id\u00e9als pour optimiser le confort visuel en tout environnement de la vie. Nos experts travaillent \u00e0 vos c\u00f4t\u00e9s pendant les phases de conception pour vous aider \u00e0 choisir la meilleure solution technique et esth\u00e9tique avec la plus grande valeur ajout\u00e9e.<\/p>\n<p>[\/et_pb_text][\/et_pb_column][\/et_pb_row][et_pb_row column_structure=&#8221;2_3,1_3&#8243; use_custom_gutter=&#8221;on&#8221; module_id=&#8221;progetti&#8221; _builder_version=&#8221;4.20.4&#8243; max_width=&#8221;1024px&#8221; custom_margin=&#8221;||30px||false|false&#8221; custom_padding=&#8221;0px||0px||false|false&#8221; global_colors_info=&#8221;{}&#8221;][et_pb_column type=&#8221;2_3&#8243; _builder_version=&#8221;4.16&#8243; global_colors_info=&#8221;{}&#8221;][et_pb_image src=&#8221;https:\/\/medit-italia.com\/wp-content\/uploads\/2023\/04\/01-medit_palazzi_800x600.jpg&#8221; title_text=&#8221;01-medit_palazzi_800x600&#8243; show_in_lightbox=&#8221;on&#8221; admin_label=&#8221;Uni Lodi&#8221; module_class=&#8221;linked&#8221; _builder_version=&#8221;4.20.4&#8243; custom_margin=&#8221;0px||||false|false&#8221; custom_css_before=&#8221;    content: &#8216;UnipolSai Headquarter, Milano&#8217;;&#8221; global_colors_info=&#8221;{}&#8221;][\/et_pb_image][\/et_pb_column][et_pb_column type=&#8221;1_3&#8243; _builder_version=&#8221;4.16&#8243; global_colors_info=&#8221;{}&#8221;][et_pb_image src=&#8221;https:\/\/medit-italia.com\/wp-content\/uploads\/2023\/04\/02-progetti-nuovo.jpg&#8221; title_text=&#8221;02-progetti nuovo&#8221; show_in_lightbox=&#8221;on&#8221; _builder_version=&#8221;4.20.4&#8243; custom_margin=&#8221;||22px||false|false&#8221; hover_enabled=&#8221;0&#8243; custom_css_before=&#8221;    content: &#8216;Hotel Grotta Palazzese, Polignano a Mare BA&#8217;;&#8221; global_colors_info=&#8221;{}&#8221; sticky_enabled=&#8221;0&#8243;][\/et_pb_image][et_pb_image src=&#8221;https:\/\/medit-italia.com\/wp-content\/uploads\/2023\/04\/03-progetti-nuovo.jpg&#8221; title_text=&#8221;03-progetti nuovo&#8221; show_in_lightbox=&#8221;on&#8221; admin_label=&#8221;Consorzio Apuana Vagli&#8221; module_class=&#8221;linked&#8221; _builder_version=&#8221;4.20.4&#8243; hover_enabled=&#8221;0&#8243; custom_css_before=&#8221;    content: &#8216;Apuana Marmi Vagli, Camporgiano LU&#8217;;&#8221; global_colors_info=&#8221;{}&#8221; sticky_enabled=&#8221;0&#8243;][\/et_pb_image][\/et_pb_column][\/et_pb_row][et_pb_row use_custom_gutter=&#8221;on&#8221; _builder_version=&#8221;4.16&#8243; max_width=&#8221;1024px&#8221; custom_margin=&#8221;||30px||false|false&#8221; custom_padding=&#8221;0px||0px||false|false&#8221; global_colors_info=&#8221;{}&#8221;][et_pb_column type=&#8221;4_4&#8243; _builder_version=&#8221;4.16&#8243; global_colors_info=&#8221;{}&#8221;][et_pb_image src=&#8221;https:\/\/medit-italia.com\/wp-content\/uploads\/2020\/01\/TermoMerano.jpg&#8221; show_in_lightbox=&#8221;on&#8221; admin_label=&#8221;Terme Merano&#8221; _builder_version=&#8221;4.20.4&#8243; hover_enabled=&#8221;0&#8243; custom_css_before=&#8221;    content: &#8216;Terme Merano, Merano BZ&#8217;;&#8221; global_colors_info=&#8221;{}&#8221; sticky_enabled=&#8221;0&#8243;][\/et_pb_image][\/et_pb_column][\/et_pb_row][et_pb_row column_structure=&#8221;2_3,1_3&#8243; use_custom_gutter=&#8221;on&#8221; module_id=&#8221;progetti&#8221; _builder_version=&#8221;4.20.4&#8243; max_width=&#8221;1024px&#8221; custom_margin=&#8221;||30px||false|false&#8221; custom_padding=&#8221;0px||0px||false|false&#8221; global_colors_info=&#8221;{}&#8221;][et_pb_column type=&#8221;2_3&#8243; _builder_version=&#8221;4.16&#8243; global_colors_info=&#8221;{}&#8221;][et_pb_image src=&#8221;https:\/\/medit-italia.com\/wp-content\/uploads\/2023\/04\/Medit_ReLife_Sardegna_8-scaled.jpg&#8221; title_text=&#8221;Medit tessuti&#8221; show_in_lightbox=&#8221;on&#8221; admin_label=&#8221;Uni Lodi&#8221; module_class=&#8221;linked&#8221; _builder_version=&#8221;4.20.4&#8243; custom_margin=&#8221;0px||||false|false&#8221; custom_css_before=&#8221;    content: &#8216;Private House, Sardegna&#8217;;&#8221; global_colors_info=&#8221;{}&#8221;][\/et_pb_image][\/et_pb_column][et_pb_column type=&#8221;1_3&#8243; _builder_version=&#8221;4.16&#8243; global_colors_info=&#8221;{}&#8221;][et_pb_image src=&#8221;https:\/\/medit-italia.com\/wp-content\/uploads\/2023\/04\/NH-scaled.webp&#8221; title_text=&#8221;NH&#8221; show_in_lightbox=&#8221;on&#8221; _builder_version=&#8221;4.20.4&#8243; custom_margin=&#8221;||22px||false|false&#8221; custom_css_before=&#8221;    content: &#8216;NH Carlina Hotel, Torino&#8217;;&#8221; global_colors_info=&#8221;{}&#8221;][\/et_pb_image][et_pb_image src=&#8221;https:\/\/medit-italia.com\/wp-content\/uploads\/2023\/04\/AP2_5490-scaled.jpg&#8221; title_text=&#8221;AP2_5490&#8243; show_in_lightbox=&#8221;on&#8221; admin_label=&#8221;Consorzio Apuana Vagli&#8221; module_class=&#8221;linked&#8221; _builder_version=&#8221;4.20.4&#8243; custom_css_before=&#8221;    content: &#8216;Office Lounge, Milano&#8217;;&#8221; global_colors_info=&#8221;{}&#8221;][\/et_pb_image][\/et_pb_column][\/et_pb_row][et_pb_row column_structure=&#8221;1_3,2_3&#8243; use_custom_gutter=&#8221;on&#8221; _builder_version=&#8221;4.16&#8243; max_width=&#8221;1024px&#8221; custom_margin=&#8221;||30px||false|false&#8221; custom_padding=&#8221;0px||0px||false|false&#8221; global_colors_info=&#8221;{}&#8221;][et_pb_column type=&#8221;1_3&#8243; _builder_version=&#8221;4.16&#8243; global_colors_info=&#8221;{}&#8221;][et_pb_image src=&#8221;https:\/\/medit-italia.com\/wp-content\/uploads\/2021\/09\/the-sign-new.jpg&#8221; title_text=&#8221;the sign-new&#8221; show_in_lightbox=&#8221;on&#8221; admin_label=&#8221;The Sign Milano&#8221; _builder_version=&#8221;4.16&#8243; custom_css_before=&#8221;    content: &#8216;The Sign, Milano&#8217;;&#8221; global_colors_info=&#8221;{}&#8221;][\/et_pb_image][\/et_pb_column][et_pb_column type=&#8221;2_3&#8243; _builder_version=&#8221;4.16&#8243; global_colors_info=&#8221;{}&#8221;][et_pb_image src=&#8221;https:\/\/medit-italia.com\/wp-content\/uploads\/2023\/04\/04-progetti-nuovo.jpg&#8221; title_text=&#8221;04-progetti nuovo&#8221; show_in_lightbox=&#8221;on&#8221; admin_label=&#8221;Montacarlo&#8221; _builder_version=&#8221;4.20.4&#8243; custom_css_before=&#8221;    content: &#8216;Universit\u00e0 Commerciale Luigi Bocconi, Milano&#8217;;&#8221; global_colors_info=&#8221;{}&#8221;][\/et_pb_image][\/et_pb_column][\/et_pb_row][et_pb_row use_custom_gutter=&#8221;on&#8221; _builder_version=&#8221;4.16&#8243; max_width=&#8221;1024px&#8221; custom_margin=&#8221;||30px||false|false&#8221; custom_padding=&#8221;0px||0px||false|false&#8221; global_colors_info=&#8221;{}&#8221;][et_pb_column type=&#8221;4_4&#8243; _builder_version=&#8221;4.16&#8243; global_colors_info=&#8221;{}&#8221;][et_pb_image src=&#8221;https:\/\/medit-italia.com\/wp-content\/uploads\/2023\/04\/medit_bardini_005-scaled.jpg&#8221; title_text=&#8221;medit_bardini_005&#8243; show_in_lightbox=&#8221;on&#8221; admin_label=&#8221;Museo Bardini&#8221; _builder_version=&#8221;4.20.4&#8243; custom_css_before=&#8221;    content: &#8216;Museo Bardini, Firenze&#8217;;&#8221; global_colors_info=&#8221;{}&#8221;][\/et_pb_image][\/et_pb_column][\/et_pb_row][et_pb_row column_structure=&#8221;1_3,2_3&#8243; use_custom_gutter=&#8221;on&#8221; _builder_version=&#8221;4.16&#8243; max_width=&#8221;1024px&#8221; custom_margin=&#8221;||30px||false|false&#8221; custom_padding=&#8221;0px||0px||false|false&#8221; global_colors_info=&#8221;{}&#8221;][et_pb_column type=&#8221;1_3&#8243; _builder_version=&#8221;4.16&#8243; global_colors_info=&#8221;{}&#8221;][et_pb_image src=&#8221;https:\/\/medit-italia.com\/wp-content\/uploads\/2023\/04\/06-palazzo-new.jpg&#8221; title_text=&#8221;06-palazzo-new&#8221; show_in_lightbox=&#8221;on&#8221; admin_label=&#8221;edit, torino&#8221; _builder_version=&#8221;4.20.4&#8243; custom_margin=&#8221;||22px||false|false&#8221; custom_css_before=&#8221;    content: &#8216;Versace Headquarter, Milano&#8217;;&#8221; global_colors_info=&#8221;{}&#8221;][\/et_pb_image][et_pb_image src=&#8221;https:\/\/medit-italia.com\/wp-content\/uploads\/2019\/12\/5-One-montacarlo.jpg&#8221; title_text=&#8221;5-One-montacarlo&#8221; show_in_lightbox=&#8221;on&#8221; admin_label=&#8221;casa privata milano&#8221; _builder_version=&#8221;4.20.4&#8243; custom_css_before=&#8221;    content: &#8216;One Luxury Apartments &#8211; Montecarlo&#8217;;&#8221; global_colors_info=&#8221;{}&#8221;][\/et_pb_image][\/et_pb_column][et_pb_column type=&#8221;2_3&#8243; _builder_version=&#8221;4.16&#8243; global_colors_info=&#8221;{}&#8221;][et_pb_image src=&#8221;https:\/\/medit-italia.com\/wp-content\/uploads\/2023\/04\/05-palazzo-new.jpg&#8221; title_text=&#8221;05-palazzo-new&#8221; show_in_lightbox=&#8221;on&#8221; admin_label=&#8221;Pinzolo&#8221; _builder_version=&#8221;4.20.4&#8243; custom_margin=&#8221;0px||0px||false|false&#8221; custom_padding=&#8221;||0px||false|false&#8221; custom_css_before=&#8221;    content: &#8216;Residenze Libeskind, Milano&#8217;;&#8221; global_colors_info=&#8221;{}&#8221;][\/et_pb_image][\/et_pb_column][\/et_pb_row][et_pb_row use_custom_gutter=&#8221;on&#8221; _builder_version=&#8221;4.16&#8243; max_width=&#8221;1024px&#8221; custom_margin=&#8221;||30px||false|false&#8221; custom_padding=&#8221;0px||0px||false|false&#8221; global_colors_info=&#8221;{}&#8221;][et_pb_column type=&#8221;4_4&#8243; _builder_version=&#8221;4.16&#8243; global_colors_info=&#8221;{}&#8221;][et_pb_image src=&#8221;https:\/\/medit-italia.com\/wp-content\/uploads\/2023\/04\/Valiant-Lady-Virgin-scaled.jpg&#8221; title_text=&#8221;Scarlet Lady is a cruise ship operated by Virgin Voyages&#8221; show_in_lightbox=&#8221;on&#8221; admin_label=&#8221;Queen Miri&#8221; _builder_version=&#8221;4.20.4&#8243; custom_css_before=&#8221;    content: &#8216;Valiant Lady Virgin&#8217;;&#8221; global_colors_info=&#8221;{}&#8221;][\/et_pb_image][\/et_pb_column][\/et_pb_row][et_pb_row column_structure=&#8221;2_3,1_3&#8243; use_custom_gutter=&#8221;on&#8221; _builder_version=&#8221;4.16&#8243; max_width=&#8221;1024px&#8221; custom_margin=&#8221;||30px||false|false&#8221; custom_padding=&#8221;0px||0px||false|false&#8221; global_colors_info=&#8221;{}&#8221;][et_pb_column type=&#8221;2_3&#8243; _builder_version=&#8221;4.16&#8243; global_colors_info=&#8221;{}&#8221;][et_pb_image src=&#8221;https:\/\/medit-italia.com\/wp-content\/uploads\/2023\/04\/07-palazzo-new.jpg&#8221; title_text=&#8221;07-palazzo-new&#8221; show_in_lightbox=&#8221;on&#8221; admin_label=&#8221;System&#8221; _builder_version=&#8221;4.20.4&#8243; custom_css_before=&#8221;    content: &#8216;Universit\u00e0 Statale di Milano, Facolt\u00e0 di Medicina Veterinaria, Polo Lodi&#8217;;&#8221; global_colors_info=&#8221;{}&#8221;][\/et_pb_image][\/et_pb_column][et_pb_column type=&#8221;1_3&#8243; _builder_version=&#8221;4.16&#8243; global_colors_info=&#8221;{}&#8221;][et_pb_image src=&#8221;https:\/\/medit-italia.com\/wp-content\/uploads\/2023\/04\/08-palazzo-new.jpg&#8221; title_text=&#8221;08-palazzo-new&#8221; show_in_lightbox=&#8221;on&#8221; admin_label=&#8221;Uni via celoria&#8221; _builder_version=&#8221;4.20.4&#8243; custom_css_before=&#8221;    content: &#8216;WeWork Offices, Milano&#8217;;&#8221; global_colors_info=&#8221;{}&#8221;][\/et_pb_image][\/et_pb_column][\/et_pb_row][et_pb_row column_structure=&#8221;2_3,1_3&#8243; use_custom_gutter=&#8221;on&#8221; _builder_version=&#8221;4.16&#8243; max_width=&#8221;1024px&#8221; custom_margin=&#8221;||30px||false|false&#8221; custom_padding=&#8221;0px||0px||false|false&#8221; global_colors_info=&#8221;{}&#8221;][et_pb_column type=&#8221;2_3&#8243; _builder_version=&#8221;4.16&#8243; global_colors_info=&#8221;{}&#8221;][et_pb_image src=&#8221;https:\/\/medit-italia.com\/wp-content\/uploads\/2019\/12\/Azimut-S.jpg&#8221; show_in_lightbox=&#8221;on&#8221; admin_label=&#8221;Azimut&#8221; _builder_version=&#8221;4.16&#8243; custom_css_before=&#8221;    content: &#8216;Azimut S6&#8217;;&#8221; global_colors_info=&#8221;{}&#8221;][\/et_pb_image][\/et_pb_column][et_pb_column type=&#8221;1_3&#8243; _builder_version=&#8221;4.16&#8243; global_colors_info=&#8221;{}&#8221;][et_pb_image src=&#8221;https:\/\/medit-italia.com\/wp-content\/uploads\/2023\/04\/09-private-house.jpg&#8221; title_text=&#8221;09-private house&#8221; show_in_lightbox=&#8221;on&#8221; admin_label=&#8221;Alma Mater&#8221; _builder_version=&#8221;4.20.4&#8243; custom_css_before=&#8221;    content: &#8216;Private House, Milano&#8217;;&#8221; global_colors_info=&#8221;{}&#8221;][\/et_pb_image][\/et_pb_column][\/et_pb_row][\/et_pb_section]<\/p>\n","protected":false},"excerpt":{"rendered":"<p>Solutions et pas seulement projets Medit offre syst\u00e8mes et tissus id\u00e9als pour optimiser le confort visuel en tout environnement de la vie. Nos experts travaillent \u00e0 vos c\u00f4t\u00e9s pendant les phases de conception pour vous aider \u00e0 choisir la meilleure solution technique et esth\u00e9tique avec la plus grande valeur ajout\u00e9e.<\/p>\n","protected":false},"author":2,"featured_media":0,"parent":0,"menu_order":30,"comment_status":"closed","ping_status":"closed","template":"","meta":{"_acf_changed":false,"_et_pb_use_builder":"on","_et_pb_old_content":"","_et_gb_content_width":"","footnotes":""},"class_list":["post-4362","page","type-page","status-publish","hentry"],"acf":[],"yoast_head":"<!-- This site is optimized with the Yoast SEO plugin v27.5 - https:\/\/yoast.com\/product\/yoast-seo-wordpress\/ -->\n<title>Progetti - Medit<\/title>\n<meta name=\"description\" content=\"Medit offre sistemi e tessuti ideali per ottimizzare il comfort visivo in ogni ambiente del vivere. Non solo progetti, Medit offre soluzioni.\" \/>\n<meta name=\"robots\" content=\"index, follow, max-snippet:-1, max-image-preview:large, max-video-preview:-1\" \/>\n<link rel=\"canonical\" href=\"https:\/\/medit-italia.com\/fr\/progetti\/\" \/>\n<meta property=\"og:locale\" content=\"fr_FR\" \/>\n<meta property=\"og:type\" content=\"article\" \/>\n<meta property=\"og:title\" content=\"Progetti - Medit\" \/>\n<meta property=\"og:description\" content=\"Medit offre sistemi e tessuti ideali per ottimizzare il comfort visivo in ogni ambiente del vivere. Non solo progetti, Medit offre soluzioni.\" \/>\n<meta property=\"og:url\" content=\"https:\/\/medit-italia.com\/fr\/progetti\/\" \/>\n<meta property=\"og:site_name\" content=\"Medit\" \/>\n<meta property=\"article:publisher\" content=\"https:\/\/www.facebook.com\/medititalia.srl\/\" \/>\n<meta property=\"article:modified_time\" content=\"2023-04-21T09:11:06+00:00\" \/>\n<meta property=\"og:image\" content=\"https:\/\/medit-italia.com\/wp-content\/uploads\/2019\/10\/test.jpg\" \/>\n\t<meta property=\"og:image:width\" content=\"800\" \/>\n\t<meta property=\"og:image:height\" content=\"533\" \/>\n\t<meta property=\"og:image:type\" content=\"image\/jpeg\" \/>\n<meta name=\"twitter:card\" content=\"summary_large_image\" \/>\n<meta name=\"twitter:label1\" content=\"Dur\u00e9e de lecture estim\u00e9e\" \/>\n\t<meta name=\"twitter:data1\" content=\"3 minutes\" \/>\n<script type=\"application\/ld+json\" class=\"yoast-schema-graph\">{\"@context\":\"https:\\\/\\\/schema.org\",\"@graph\":[{\"@type\":\"WebPage\",\"@id\":\"https:\\\/\\\/medit-italia.com\\\/fr\\\/progetti\\\/\",\"url\":\"https:\\\/\\\/medit-italia.com\\\/fr\\\/progetti\\\/\",\"name\":\"Progetti - Medit\",\"isPartOf\":{\"@id\":\"https:\\\/\\\/medit-italia.com\\\/fr\\\/#website\"},\"datePublished\":\"2021-01-29T11:25:12+00:00\",\"dateModified\":\"2023-04-21T09:11:06+00:00\",\"description\":\"Medit offre sistemi e tessuti ideali per ottimizzare il comfort visivo in ogni ambiente del vivere. Non solo progetti, Medit offre soluzioni.\",\"breadcrumb\":{\"@id\":\"https:\\\/\\\/medit-italia.com\\\/fr\\\/progetti\\\/#breadcrumb\"},\"inLanguage\":\"fr-FR\",\"potentialAction\":[{\"@type\":\"ReadAction\",\"target\":[\"https:\\\/\\\/medit-italia.com\\\/fr\\\/progetti\\\/\"]}]},{\"@type\":\"BreadcrumbList\",\"@id\":\"https:\\\/\\\/medit-italia.com\\\/fr\\\/progetti\\\/#breadcrumb\",\"itemListElement\":[{\"@type\":\"ListItem\",\"position\":1,\"name\":\"Home\",\"item\":\"https:\\\/\\\/medit-italia.com\\\/fr\\\/\"},{\"@type\":\"ListItem\",\"position\":2,\"name\":\"Progetti\"}]},{\"@type\":\"WebSite\",\"@id\":\"https:\\\/\\\/medit-italia.com\\\/fr\\\/#website\",\"url\":\"https:\\\/\\\/medit-italia.com\\\/fr\\\/\",\"name\":\"Medit\",\"description\":\"Tende a rullo\",\"publisher\":{\"@id\":\"https:\\\/\\\/medit-italia.com\\\/fr\\\/#organization\"},\"potentialAction\":[{\"@type\":\"SearchAction\",\"target\":{\"@type\":\"EntryPoint\",\"urlTemplate\":\"https:\\\/\\\/medit-italia.com\\\/fr\\\/?s={search_term_string}\"},\"query-input\":{\"@type\":\"PropertyValueSpecification\",\"valueRequired\":true,\"valueName\":\"search_term_string\"}}],\"inLanguage\":\"fr-FR\"},{\"@type\":\"Organization\",\"@id\":\"https:\\\/\\\/medit-italia.com\\\/fr\\\/#organization\",\"name\":\"Medit\",\"url\":\"https:\\\/\\\/medit-italia.com\\\/fr\\\/\",\"logo\":{\"@type\":\"ImageObject\",\"inLanguage\":\"fr-FR\",\"@id\":\"https:\\\/\\\/medit-italia.com\\\/fr\\\/#\\\/schema\\\/logo\\\/image\\\/\",\"url\":\"https:\\\/\\\/medit-italia.com\\\/wp-content\\\/uploads\\\/2019\\\/09\\\/logo-medit-grigio.svg\",\"contentUrl\":\"https:\\\/\\\/medit-italia.com\\\/wp-content\\\/uploads\\\/2019\\\/09\\\/logo-medit-grigio.svg\",\"width\":568,\"height\":180,\"caption\":\"Medit\"},\"image\":{\"@id\":\"https:\\\/\\\/medit-italia.com\\\/fr\\\/#\\\/schema\\\/logo\\\/image\\\/\"},\"sameAs\":[\"https:\\\/\\\/www.facebook.com\\\/medititalia.srl\\\/\",\"https:\\\/\\\/www.instagram.com\\\/medit.srl\\\/\",\"https:\\\/\\\/www.linkedin.com\\\/company\\\/medit-srl\\\/\",\"https:\\\/\\\/www.youtube.com\\\/channel\\\/UCjIZFDEY5PvORKffAYY0u6w\"]}]}<\/script>\n<!-- \/ Yoast SEO plugin. -->","yoast_head_json":{"title":"Progetti - Medit","description":"Medit offre sistemi e tessuti ideali per ottimizzare il comfort visivo in ogni ambiente del vivere. Non solo progetti, Medit offre soluzioni.","robots":{"index":"index","follow":"follow","max-snippet":"max-snippet:-1","max-image-preview":"max-image-preview:large","max-video-preview":"max-video-preview:-1"},"canonical":"https:\/\/medit-italia.com\/fr\/progetti\/","og_locale":"fr_FR","og_type":"article","og_title":"Progetti - Medit","og_description":"Medit offre sistemi e tessuti ideali per ottimizzare il comfort visivo in ogni ambiente del vivere. Non solo progetti, Medit offre soluzioni.","og_url":"https:\/\/medit-italia.com\/fr\/progetti\/","og_site_name":"Medit","article_publisher":"https:\/\/www.facebook.com\/medititalia.srl\/","article_modified_time":"2023-04-21T09:11:06+00:00","og_image":[{"width":800,"height":533,"url":"https:\/\/medit-italia.com\/wp-content\/uploads\/2019\/10\/test.jpg","type":"image\/jpeg"}],"twitter_card":"summary_large_image","twitter_misc":{"Dur\u00e9e de lecture estim\u00e9e":"3 minutes"},"schema":{"@context":"https:\/\/schema.org","@graph":[{"@type":"WebPage","@id":"https:\/\/medit-italia.com\/fr\/progetti\/","url":"https:\/\/medit-italia.com\/fr\/progetti\/","name":"Progetti - Medit","isPartOf":{"@id":"https:\/\/medit-italia.com\/fr\/#website"},"datePublished":"2021-01-29T11:25:12+00:00","dateModified":"2023-04-21T09:11:06+00:00","description":"Medit offre sistemi e tessuti ideali per ottimizzare il comfort visivo in ogni ambiente del vivere. Non solo progetti, Medit offre soluzioni.","breadcrumb":{"@id":"https:\/\/medit-italia.com\/fr\/progetti\/#breadcrumb"},"inLanguage":"fr-FR","potentialAction":[{"@type":"ReadAction","target":["https:\/\/medit-italia.com\/fr\/progetti\/"]}]},{"@type":"BreadcrumbList","@id":"https:\/\/medit-italia.com\/fr\/progetti\/#breadcrumb","itemListElement":[{"@type":"ListItem","position":1,"name":"Home","item":"https:\/\/medit-italia.com\/fr\/"},{"@type":"ListItem","position":2,"name":"Progetti"}]},{"@type":"WebSite","@id":"https:\/\/medit-italia.com\/fr\/#website","url":"https:\/\/medit-italia.com\/fr\/","name":"Medit","description":"Tende a rullo","publisher":{"@id":"https:\/\/medit-italia.com\/fr\/#organization"},"potentialAction":[{"@type":"SearchAction","target":{"@type":"EntryPoint","urlTemplate":"https:\/\/medit-italia.com\/fr\/?s={search_term_string}"},"query-input":{"@type":"PropertyValueSpecification","valueRequired":true,"valueName":"search_term_string"}}],"inLanguage":"fr-FR"},{"@type":"Organization","@id":"https:\/\/medit-italia.com\/fr\/#organization","name":"Medit","url":"https:\/\/medit-italia.com\/fr\/","logo":{"@type":"ImageObject","inLanguage":"fr-FR","@id":"https:\/\/medit-italia.com\/fr\/#\/schema\/logo\/image\/","url":"https:\/\/medit-italia.com\/wp-content\/uploads\/2019\/09\/logo-medit-grigio.svg","contentUrl":"https:\/\/medit-italia.com\/wp-content\/uploads\/2019\/09\/logo-medit-grigio.svg","width":568,"height":180,"caption":"Medit"},"image":{"@id":"https:\/\/medit-italia.com\/fr\/#\/schema\/logo\/image\/"},"sameAs":["https:\/\/www.facebook.com\/medititalia.srl\/","https:\/\/www.instagram.com\/medit.srl\/","https:\/\/www.linkedin.com\/company\/medit-srl\/","https:\/\/www.youtube.com\/channel\/UCjIZFDEY5PvORKffAYY0u6w"]}]}},"_links":{"self":[{"href":"https:\/\/medit-italia.com\/fr\/wp-json\/wp\/v2\/pages\/4362","targetHints":{"allow":["GET"]}}],"collection":[{"href":"https:\/\/medit-italia.com\/fr\/wp-json\/wp\/v2\/pages"}],"about":[{"href":"https:\/\/medit-italia.com\/fr\/wp-json\/wp\/v2\/types\/page"}],"author":[{"embeddable":true,"href":"https:\/\/medit-italia.com\/fr\/wp-json\/wp\/v2\/users\/2"}],"replies":[{"embeddable":true,"href":"https:\/\/medit-italia.com\/fr\/wp-json\/wp\/v2\/comments?post=4362"}],"version-history":[{"count":17,"href":"https:\/\/medit-italia.com\/fr\/wp-json\/wp\/v2\/pages\/4362\/revisions"}],"predecessor-version":[{"id":8411,"href":"https:\/\/medit-italia.com\/fr\/wp-json\/wp\/v2\/pages\/4362\/revisions\/8411"}],"wp:attachment":[{"href":"https:\/\/medit-italia.com\/fr\/wp-json\/wp\/v2\/media?parent=4362"}],"curies":[{"name":"wp","href":"https:\/\/api.w.org\/{rel}","templated":true}]}}